{"id":168,"date":"2020-03-30T15:54:22","date_gmt":"2020-03-30T13:54:22","guid":{"rendered":"http:\/\/denis-frossard.ouvaton.org\/?page_id=168"},"modified":"2020-04-11T15:14:05","modified_gmt":"2020-04-11T13:14:05","slug":"vrenhadas-3","status":"publish","type":"page","link":"http:\/\/denis-frossard.ouvaton.org\/index.php\/vrenhadas-3\/","title":{"rendered":"Vrenhadas"},"content":{"rendered":"\n<p class=\"has-large-font-size\"><strong>Vrenhadas<\/strong><\/p>\n\n\n\n<figure class=\"wp-block-image size-large is-resized\"><img loading=\"lazy\" decoding=\"async\" src=\"http:\/\/denis-frossard.ouvaton.org\/wp-content\/uploads\/2020\/04\/1\u00e8ra-premsa-1024x872.jpg\" alt=\"\" class=\"wp-image-415\" width=\"554\" height=\"471\" srcset=\"http:\/\/denis-frossard.ouvaton.org\/wp-content\/uploads\/2020\/04\/1\u00e8ra-premsa-1024x872.jpg 1024w, http:\/\/denis-frossard.ouvaton.org\/wp-content\/uploads\/2020\/04\/1\u00e8ra-premsa-300x256.jpg 300w, http:\/\/denis-frossard.ouvaton.org\/wp-content\/uploads\/2020\/04\/1\u00e8ra-premsa-768x654.jpg 768w, http:\/\/denis-frossard.ouvaton.org\/wp-content\/uploads\/2020\/04\/1\u00e8ra-premsa.jpg 1451w\" sizes=\"auto, (max-width: 554px) 100vw, 554px\" \/><\/figure>\n\n\n\n<p><strong>Quand les vendanges s\u2019ach\u00e8vent, il reste \u00e0 faire m\u00fbrir leur fruit<\/strong>\n : la \u00ab vrenhada \u00bb, et la saison a \u00e9t\u00e9 bonne. Les variations sur chants \ntraditionnels occitans de Gascogne, de la musique ancienne \u00e0 celle \nd\u2019aujourd\u2019hui, les racines de l\u2019universel, font les liens que toute \ntradition vivante sait entretenir avec d\u2019autres cultures.<\/p>\n\n\n\n<figure class=\"wp-block-image size-large is-resized\"><img loading=\"lazy\" decoding=\"async\" src=\"http:\/\/denis-frossard.ouvaton.org\/wp-content\/uploads\/2020\/04\/P1220016Avec-texte4-bd-1024x1024.jpg\" alt=\"\" class=\"wp-image-416\" width=\"560\" height=\"560\" srcset=\"http:\/\/denis-frossard.ouvaton.org\/wp-content\/uploads\/2020\/04\/P1220016Avec-texte4-bd-1024x1024.jpg 1024w, http:\/\/denis-frossard.ouvaton.org\/wp-content\/uploads\/2020\/04\/P1220016Avec-texte4-bd-300x300.jpg 300w, http:\/\/denis-frossard.ouvaton.org\/wp-content\/uploads\/2020\/04\/P1220016Avec-texte4-bd-150x150.jpg 150w, http:\/\/denis-frossard.ouvaton.org\/wp-content\/uploads\/2020\/04\/P1220016Avec-texte4-bd-768x768.jpg 768w, http:\/\/denis-frossard.ouvaton.org\/wp-content\/uploads\/2020\/04\/P1220016Avec-texte4-bd-1536x1536.jpg 1536w, http:\/\/denis-frossard.ouvaton.org\/wp-content\/uploads\/2020\/04\/P1220016Avec-texte4-bd-2048x2048.jpg 2048w\" sizes=\"auto, (max-width: 560px) 100vw, 560px\" \/><figcaption>OLYMPUS DIGITAL CAMERA<\/figcaption><\/figure>\n\n\n\n<p> D. Frossard travaille \u00e9galement sur la musique traditionnelle occitane, en r\u00e9alisant des<strong>  arrangements pour guitare, des harmonisations pour guitare et chant,  ainsi qu&rsquo;une nouvelle approche dans l&rsquo;ex\u00e9cution des rythmes<\/strong>.<br> Le cd <strong>\u00ab Vrenhadas \u00bb<\/strong>  (prod. Menestr\u00e8rs Gascons) qui vient de para\u00eetre, propose une reprise  des grandes chansons du r\u00e9pertoire (\u00ab Carnaval \u00bb, \u00ab Los Junquets \u00bb,<br> \u00ab Hilh\u00f2ta de del\u00e0 l&rsquo;aiga \u00bb&#8230;) en duo avec<strong> Joan- Franc\u00e9s Tisn\u00e8r<\/strong> (chant), ainsi que des pi\u00e8ces d&rsquo;ensemble ou des solos de guitare sur la musique traditionnelle occitane, avec <strong>Christian Josu\u00e9<\/strong> (fl\u00fbte \u00e0 trois trous),<strong> Marc Castan\u00e9<\/strong> (accord\u00e9on, boha) et<strong> Val\u00e9rie Chabanel<\/strong>  (guitare). La formule de concert issue de ce travail, propose tous les  titres du cd et bien d&rsquo;autres, avec le chanteur et musicien Joan-  Franc\u00e9s Tisn\u00e8r, dans le duo Dus de Canta.<\/p>\n\n\n\n<p><strong>Les titres du CD<\/strong><br>1. Qu\u2019av\u00e8m maridat la nosta hilha<strong>*<\/strong><br>\n2. Hilh\u00f2ta de del\u00e0 l\u2019aiga<strong>*<\/strong><br>\n3. Be i a longtemps joenessa <strong>*<\/strong><br>\n4. Triste ei lo c\u00e8u <strong>*<\/strong><br>\n5. En traversant nau lanas<strong>**<\/strong><br>\n6. A nu\u00e8it toquer\u00e0m lo p\u00e8 a la n\u00f2via <strong>***<\/strong><br>\n7. Carnaval <strong>*<\/strong><br>\n8. Sarramilh\u00f2ca<strong>*<\/strong><br>\n9. Lo v\u00e8spre de la n\u00f2\u00e7a<strong>*<\/strong><br>\n10. Lo Boi\u00e8r<strong>****<\/strong><br>\n11. Per un b\u00e8th jorn de l\u2019ascension <strong>*<\/strong><br>\n12. De Monsur de Maitinats <strong>*<\/strong><br>\n13. A malaia la bugada <strong>*<\/strong><br>\n14. Los Junquets <strong>*****<\/strong><br>\n15. A l\u2019entorn de ma maison <strong>******<\/strong><br><\/p>\n\n\n\n<div class=\"wp-block-columns is-layout-flex wp-container-core-columns-is-layout-9d6595d7 wp-block-columns-is-layout-flex\">\n<div class=\"wp-block-column is-layout-flow wp-block-column-is-layout-flow\">\n<figure class=\"wp-block-audio\"><audio controls src=\"http:\/\/denis-frossard.ouvaton.org\/wp-content\/uploads\/2020\/03\/hilha.mp3\"><\/audio><figcaption>Qu\u2019av\u00e8m maridat la nosta hilha<\/figcaption><\/figure>\n\n\n\n<p>Qu\u2019av\u00e8m maridat la nosta hilha<\/p>\n<\/div>\n\n\n\n<div class=\"wp-block-column is-layout-flow wp-block-column-is-layout-flow\">\n<figure class=\"wp-block-audio\"><audio controls src=\"http:\/\/denis-frossard.ouvaton.org\/wp-content\/uploads\/2020\/03\/aiga.mp3\"><\/audio><figcaption>Hilh\u00f2ta de l\u00e0 l\u2019aiga<\/figcaption><\/figure>\n\n\n\n<p>Hilh\u00f2ta de del\u00e0 l\u2019aiga<\/p>\n<\/div>\n\n\n\n<div class=\"wp-block-column is-layout-flow wp-block-column-is-layout-flow\">\n<figure class=\"wp-block-audio\"><audio controls src=\"http:\/\/denis-frossard.ouvaton.org\/wp-content\/uploads\/2020\/03\/Beialongtempsjoenessa.mp3\"><\/audio><figcaption>Be i a longtemps joenessa<\/figcaption><\/figure>\n\n\n\n<p>Be i a longtemps joenessa<\/p>\n<\/div>\n<\/div>\n\n\n\n<div class=\"wp-block-columns is-layout-flex wp-container-core-columns-is-layout-9d6595d7 wp-block-columns-is-layout-flex\">\n<div class=\"wp-block-column is-layout-flow wp-block-column-is-layout-flow\">\n<figure class=\"wp-block-audio\"><audio controls src=\"http:\/\/denis-frossard.ouvaton.org\/wp-content\/uploads\/2020\/03\/Entraversantnaulanas.mp3\"><\/audio><figcaption>En traversant nau lanas<\/figcaption><\/figure>\n\n\n\n<p>En traversant nau lanas<\/p>\n<\/div>\n\n\n\n<div class=\"wp-block-column is-layout-flow wp-block-column-is-layout-flow\">\n<figure class=\"wp-block-audio\"><audio controls src=\"http:\/\/denis-frossard.ouvaton.org\/wp-content\/uploads\/2020\/03\/Sarramilhoca.mp3\"><\/audio><figcaption>Sarramilh\u00f2ca<\/figcaption><\/figure>\n\n\n\n<p>Sarramilh\u00f2ca<\/p>\n<\/div>\n\n\n\n<div class=\"wp-block-column is-layout-flow wp-block-column-is-layout-flow\">\n<figure class=\"wp-block-audio\"><audio controls src=\"http:\/\/denis-frossard.ouvaton.org\/wp-content\/uploads\/2020\/03\/Alentorndemamaison.mp3\"><\/audio><figcaption>A l\u2019entorn de ma maison<\/figcaption><\/figure>\n\n\n\n<p>A l\u2019entorn de ma maison<\/p>\n<\/div>\n<\/div>\n\n\n\n<p>Presa de son: Jean-Christophe Schmidt.<br> Mesclatge: Jean-Christophe Schmidt &#8211; Denis Frossard.<br> Mastering: Jacques Lemaire.<br> Estudi\u00f2 Carlamusa \/ Menestr\u00e8rs Gascons.<br> Enregistrat en dec\u00e9me de 2008.<br> Concepcion maqueta: Denis Frossard.<br> Compagination: Domenaja Lekuona.<br> Fot\u00f2s: Pierre Lalaude, Denis Frossard.<br> Produccion: Menestr\u00e8rs Gascons <a rel=\"noreferrer noopener\" href=\"http:\/\/www.menestrersgascons.com\" target=\"_blank\">http:\/\/www.menestrersgascons.com<\/a><br><\/p>\n\n\n\n<p>Adobaments: Trad. &#8211; Denis Frossard, manca \u201cEn traversant nau lanas\u201d,trad.- Marc Castanet &#8211; Crestian Josu\u00e9 &#8211; Denis Frossard.\n<br><strong>*<\/strong> Joan-Franc\u00e9s Tisn\u00e8r, votz \u2013 Denis Frossard, guitarra.<br><strong>**<\/strong> Marc Castanet, accordeon \u2013 Crestian Josu\u00e9, flauta &#8211; Denis Frossard, guitarra.<br><strong>***<\/strong> Marc Castanet, boha \u2013 Crestian Josu\u00e9, flauta \u2013\nDenis Frossard, guitarra.<br><strong>****<\/strong> Val\u00e9rie Chabanel, guitarra.<br><strong>*****<\/strong> Marc Castanet, boha \u2013 Crestian Josu\u00e9, flauta \u2013\nVal\u00e9rie Chabanel &#8211; Denis Frossard, guitarra<br><strong>******<\/strong> Denis Frossard, guitarra.<br><\/p>\n","protected":false},"excerpt":{"rendered":"<p>Vrenhadas Quand les vendanges s\u2019ach\u00e8vent, il reste \u00e0 faire m\u00fbrir leur fruit : la \u00ab vrenhada \u00bb, et la saison a \u00e9t\u00e9 bonne. Les variations sur chants traditionnels occitans de Gascogne, de la musique ancienne \u00e0 celle d\u2019aujourd\u2019hui, les racines de l\u2019universel, font les liens que toute tradition vivante sait entretenir avec d\u2019autres cultures. D. Frossard travaille \u00e9galement sur la musique traditionnelle occitane, en r\u00e9alisant des arrangements pour guitare, des harmonisations pour guitare et chant, ainsi qu&rsquo;une nouvelle approche dans [&hellip;]<\/p>\n","protected":false},"author":1,"featured_media":0,"parent":0,"menu_order":0,"comment_status":"closed","ping_status":"closed","template":"templates\/full-width-page.php","meta":{"footnotes":""},"class_list":["post-168","page","type-page","status-publish","hentry"],"yoast_head":"<!-- This site is optimized with the Yoast SEO plugin v27.4 - https:\/\/yoast.com\/product\/yoast-seo-wordpress\/ -->\n<title>Vrenhadas - Denis FROSSARD<\/title>\n<meta name=\"robots\" content=\"index, follow, max-snippet:-1, max-image-preview:large, max-video-preview:-1\" \/>\n<link rel=\"canonical\" href=\"http:\/\/denis-frossard.ouvaton.org\/index.php\/vrenhadas-3\/\" \/>\n<meta property=\"og:locale\" content=\"fr_FR\" \/>\n<meta property=\"og:type\" content=\"article\" \/>\n<meta property=\"og:title\" content=\"Vrenhadas - Denis FROSSARD\" \/>\n<meta property=\"og:description\" content=\"Vrenhadas Quand les vendanges s\u2019ach\u00e8vent, il reste \u00e0 faire m\u00fbrir leur fruit : la \u00ab vrenhada \u00bb, et la saison a \u00e9t\u00e9 bonne. Les variations sur chants traditionnels occitans de Gascogne, de la musique ancienne \u00e0 celle d\u2019aujourd\u2019hui, les racines de l\u2019universel, font les liens que toute tradition vivante sait entretenir avec d\u2019autres cultures. D. Frossard travaille \u00e9galement sur la musique traditionnelle occitane, en r\u00e9alisant des arrangements pour guitare, des harmonisations pour guitare et chant, ainsi qu&rsquo;une nouvelle approche dans [&hellip;]\" \/>\n<meta property=\"og:url\" content=\"http:\/\/denis-frossard.ouvaton.org\/index.php\/vrenhadas-3\/\" \/>\n<meta property=\"og:site_name\" content=\"Denis FROSSARD\" \/>\n<meta property=\"article:modified_time\" content=\"2020-04-11T13:14:05+00:00\" \/>\n<meta property=\"og:image\" content=\"http:\/\/denis-frossard.ouvaton.org\/wp-content\/uploads\/2020\/04\/P1220016Avec-texte4-bd-1024x1024.jpg\" \/>\n<meta name=\"twitter:card\" content=\"summary_large_image\" \/>\n<meta name=\"twitter:label1\" content=\"Dur\u00e9e de lecture estim\u00e9e\" \/>\n\t<meta name=\"twitter:data1\" content=\"2 minutes\" \/>\n<script type=\"application\/ld+json\" class=\"yoast-schema-graph\">{\"@context\":\"https:\\\/\\\/schema.org\",\"@graph\":[{\"@type\":\"WebPage\",\"@id\":\"http:\\\/\\\/denis-frossard.ouvaton.org\\\/index.php\\\/vrenhadas-3\\\/\",\"url\":\"http:\\\/\\\/denis-frossard.ouvaton.org\\\/index.php\\\/vrenhadas-3\\\/\",\"name\":\"Vrenhadas - Denis FROSSARD\",\"isPartOf\":{\"@id\":\"http:\\\/\\\/denis-frossard.ouvaton.org\\\/#website\"},\"primaryImageOfPage\":{\"@id\":\"http:\\\/\\\/denis-frossard.ouvaton.org\\\/index.php\\\/vrenhadas-3\\\/#primaryimage\"},\"image\":{\"@id\":\"http:\\\/\\\/denis-frossard.ouvaton.org\\\/index.php\\\/vrenhadas-3\\\/#primaryimage\"},\"thumbnailUrl\":\"http:\\\/\\\/denis-frossard.ouvaton.org\\\/wp-content\\\/uploads\\\/2020\\\/04\\\/P1220016Avec-texte4-bd-1024x1024.jpg\",\"datePublished\":\"2020-03-30T13:54:22+00:00\",\"dateModified\":\"2020-04-11T13:14:05+00:00\",\"breadcrumb\":{\"@id\":\"http:\\\/\\\/denis-frossard.ouvaton.org\\\/index.php\\\/vrenhadas-3\\\/#breadcrumb\"},\"inLanguage\":\"fr-FR\",\"potentialAction\":[{\"@type\":\"ReadAction\",\"target\":[\"http:\\\/\\\/denis-frossard.ouvaton.org\\\/index.php\\\/vrenhadas-3\\\/\"]}]},{\"@type\":\"ImageObject\",\"inLanguage\":\"fr-FR\",\"@id\":\"http:\\\/\\\/denis-frossard.ouvaton.org\\\/index.php\\\/vrenhadas-3\\\/#primaryimage\",\"url\":\"http:\\\/\\\/denis-frossard.ouvaton.org\\\/wp-content\\\/uploads\\\/2020\\\/04\\\/P1220016Avec-texte4-bd-scaled.jpg\",\"contentUrl\":\"http:\\\/\\\/denis-frossard.ouvaton.org\\\/wp-content\\\/uploads\\\/2020\\\/04\\\/P1220016Avec-texte4-bd-scaled.jpg\",\"width\":2560,\"height\":2560,\"caption\":\"OLYMPUS DIGITAL CAMERA\"},{\"@type\":\"BreadcrumbList\",\"@id\":\"http:\\\/\\\/denis-frossard.ouvaton.org\\\/index.php\\\/vrenhadas-3\\\/#breadcrumb\",\"itemListElement\":[{\"@type\":\"ListItem\",\"position\":1,\"name\":\"Accueil\",\"item\":\"http:\\\/\\\/denis-frossard.ouvaton.org\\\/\"},{\"@type\":\"ListItem\",\"position\":2,\"name\":\"Vrenhadas\"}]},{\"@type\":\"WebSite\",\"@id\":\"http:\\\/\\\/denis-frossard.ouvaton.org\\\/#website\",\"url\":\"http:\\\/\\\/denis-frossard.ouvaton.org\\\/\",\"name\":\"Denis FROSSARD\",\"description\":\"Guitare et Chant\",\"potentialAction\":[{\"@type\":\"SearchAction\",\"target\":{\"@type\":\"EntryPoint\",\"urlTemplate\":\"http:\\\/\\\/denis-frossard.ouvaton.org\\\/?s={search_term_string}\"},\"query-input\":{\"@type\":\"PropertyValueSpecification\",\"valueRequired\":true,\"valueName\":\"search_term_string\"}}],\"inLanguage\":\"fr-FR\"}]}<\/script>\n<!-- \/ Yoast SEO plugin. -->","yoast_head_json":{"title":"Vrenhadas - Denis FROSSARD","robots":{"index":"index","follow":"follow","max-snippet":"max-snippet:-1","max-image-preview":"max-image-preview:large","max-video-preview":"max-video-preview:-1"},"canonical":"http:\/\/denis-frossard.ouvaton.org\/index.php\/vrenhadas-3\/","og_locale":"fr_FR","og_type":"article","og_title":"Vrenhadas - Denis FROSSARD","og_description":"Vrenhadas Quand les vendanges s\u2019ach\u00e8vent, il reste \u00e0 faire m\u00fbrir leur fruit : la \u00ab vrenhada \u00bb, et la saison a \u00e9t\u00e9 bonne. Les variations sur chants traditionnels occitans de Gascogne, de la musique ancienne \u00e0 celle d\u2019aujourd\u2019hui, les racines de l\u2019universel, font les liens que toute tradition vivante sait entretenir avec d\u2019autres cultures. D. Frossard travaille \u00e9galement sur la musique traditionnelle occitane, en r\u00e9alisant des arrangements pour guitare, des harmonisations pour guitare et chant, ainsi qu&rsquo;une nouvelle approche dans [&hellip;]","og_url":"http:\/\/denis-frossard.ouvaton.org\/index.php\/vrenhadas-3\/","og_site_name":"Denis FROSSARD","article_modified_time":"2020-04-11T13:14:05+00:00","og_image":[{"url":"http:\/\/denis-frossard.ouvaton.org\/wp-content\/uploads\/2020\/04\/P1220016Avec-texte4-bd-1024x1024.jpg","type":"","width":"","height":""}],"twitter_card":"summary_large_image","twitter_misc":{"Dur\u00e9e de lecture estim\u00e9e":"2 minutes"},"schema":{"@context":"https:\/\/schema.org","@graph":[{"@type":"WebPage","@id":"http:\/\/denis-frossard.ouvaton.org\/index.php\/vrenhadas-3\/","url":"http:\/\/denis-frossard.ouvaton.org\/index.php\/vrenhadas-3\/","name":"Vrenhadas - Denis FROSSARD","isPartOf":{"@id":"http:\/\/denis-frossard.ouvaton.org\/#website"},"primaryImageOfPage":{"@id":"http:\/\/denis-frossard.ouvaton.org\/index.php\/vrenhadas-3\/#primaryimage"},"image":{"@id":"http:\/\/denis-frossard.ouvaton.org\/index.php\/vrenhadas-3\/#primaryimage"},"thumbnailUrl":"http:\/\/denis-frossard.ouvaton.org\/wp-content\/uploads\/2020\/04\/P1220016Avec-texte4-bd-1024x1024.jpg","datePublished":"2020-03-30T13:54:22+00:00","dateModified":"2020-04-11T13:14:05+00:00","breadcrumb":{"@id":"http:\/\/denis-frossard.ouvaton.org\/index.php\/vrenhadas-3\/#breadcrumb"},"inLanguage":"fr-FR","potentialAction":[{"@type":"ReadAction","target":["http:\/\/denis-frossard.ouvaton.org\/index.php\/vrenhadas-3\/"]}]},{"@type":"ImageObject","inLanguage":"fr-FR","@id":"http:\/\/denis-frossard.ouvaton.org\/index.php\/vrenhadas-3\/#primaryimage","url":"http:\/\/denis-frossard.ouvaton.org\/wp-content\/uploads\/2020\/04\/P1220016Avec-texte4-bd-scaled.jpg","contentUrl":"http:\/\/denis-frossard.ouvaton.org\/wp-content\/uploads\/2020\/04\/P1220016Avec-texte4-bd-scaled.jpg","width":2560,"height":2560,"caption":"OLYMPUS DIGITAL CAMERA"},{"@type":"BreadcrumbList","@id":"http:\/\/denis-frossard.ouvaton.org\/index.php\/vrenhadas-3\/#breadcrumb","itemListElement":[{"@type":"ListItem","position":1,"name":"Accueil","item":"http:\/\/denis-frossard.ouvaton.org\/"},{"@type":"ListItem","position":2,"name":"Vrenhadas"}]},{"@type":"WebSite","@id":"http:\/\/denis-frossard.ouvaton.org\/#website","url":"http:\/\/denis-frossard.ouvaton.org\/","name":"Denis FROSSARD","description":"Guitare et Chant","potentialAction":[{"@type":"SearchAction","target":{"@type":"EntryPoint","urlTemplate":"http:\/\/denis-frossard.ouvaton.org\/?s={search_term_string}"},"query-input":{"@type":"PropertyValueSpecification","valueRequired":true,"valueName":"search_term_string"}}],"inLanguage":"fr-FR"}]}},"_links":{"self":[{"href":"http:\/\/denis-frossard.ouvaton.org\/index.php\/wp-json\/wp\/v2\/pages\/168","targetHints":{"allow":["GET"]}}],"collection":[{"href":"http:\/\/denis-frossard.ouvaton.org\/index.php\/wp-json\/wp\/v2\/pages"}],"about":[{"href":"http:\/\/denis-frossard.ouvaton.org\/index.php\/wp-json\/wp\/v2\/types\/page"}],"author":[{"embeddable":true,"href":"http:\/\/denis-frossard.ouvaton.org\/index.php\/wp-json\/wp\/v2\/users\/1"}],"replies":[{"embeddable":true,"href":"http:\/\/denis-frossard.ouvaton.org\/index.php\/wp-json\/wp\/v2\/comments?post=168"}],"version-history":[{"count":10,"href":"http:\/\/denis-frossard.ouvaton.org\/index.php\/wp-json\/wp\/v2\/pages\/168\/revisions"}],"predecessor-version":[{"id":422,"href":"http:\/\/denis-frossard.ouvaton.org\/index.php\/wp-json\/wp\/v2\/pages\/168\/revisions\/422"}],"wp:attachment":[{"href":"http:\/\/denis-frossard.ouvaton.org\/index.php\/wp-json\/wp\/v2\/media?parent=168"}],"curies":[{"name":"wp","href":"https:\/\/api.w.org\/{rel}","templated":true}]}}