{"id":181,"date":"2020-03-30T16:16:14","date_gmt":"2020-03-30T14:16:14","guid":{"rendered":"http:\/\/denis-frossard.ouvaton.org\/?page_id=181"},"modified":"2020-04-11T14:49:58","modified_gmt":"2020-04-11T12:49:58","slug":"vrenhadas-naveras","status":"publish","type":"page","link":"http:\/\/denis-frossard.ouvaton.org\/index.php\/vrenhadas-naveras\/","title":{"rendered":"Vrenhadas naveras"},"content":{"rendered":"\n<figure class=\"wp-block-image size-large\"><img loading=\"lazy\" decoding=\"async\" width=\"1024\" height=\"1024\" src=\"http:\/\/denis-frossard.ouvaton.org\/wp-content\/uploads\/2020\/03\/Jaquette103-1024x1024.jpg\" alt=\"\" class=\"wp-image-48\" srcset=\"http:\/\/denis-frossard.ouvaton.org\/wp-content\/uploads\/2020\/03\/Jaquette103-1024x1024.jpg 1024w, http:\/\/denis-frossard.ouvaton.org\/wp-content\/uploads\/2020\/03\/Jaquette103-300x300.jpg 300w, http:\/\/denis-frossard.ouvaton.org\/wp-content\/uploads\/2020\/03\/Jaquette103-150x150.jpg 150w, http:\/\/denis-frossard.ouvaton.org\/wp-content\/uploads\/2020\/03\/Jaquette103-768x768.jpg 768w, http:\/\/denis-frossard.ouvaton.org\/wp-content\/uploads\/2020\/03\/Jaquette103-1536x1536.jpg 1536w, http:\/\/denis-frossard.ouvaton.org\/wp-content\/uploads\/2020\/03\/Jaquette103.jpg 1772w\" sizes=\"auto, (max-width: 1024px) 100vw, 1024px\" \/><\/figure>\n\n\n\n<div class=\"wp-block-columns is-layout-flex wp-container-core-columns-is-layout-9d6595d7 wp-block-columns-is-layout-flex\">\n<div class=\"wp-block-column is-layout-flow wp-block-column-is-layout-flow\">\n<figure class=\"wp-block-image size-large\"><img loading=\"lazy\" decoding=\"async\" width=\"1024\" height=\"1024\" src=\"http:\/\/denis-frossard.ouvaton.org\/wp-content\/uploads\/2020\/03\/Jaquette102-1024x1024.jpg\" alt=\"\" class=\"wp-image-47\" srcset=\"http:\/\/denis-frossard.ouvaton.org\/wp-content\/uploads\/2020\/03\/Jaquette102-1024x1024.jpg 1024w, http:\/\/denis-frossard.ouvaton.org\/wp-content\/uploads\/2020\/03\/Jaquette102-300x300.jpg 300w, http:\/\/denis-frossard.ouvaton.org\/wp-content\/uploads\/2020\/03\/Jaquette102-150x150.jpg 150w, http:\/\/denis-frossard.ouvaton.org\/wp-content\/uploads\/2020\/03\/Jaquette102-768x768.jpg 768w, http:\/\/denis-frossard.ouvaton.org\/wp-content\/uploads\/2020\/03\/Jaquette102-1536x1536.jpg 1536w, http:\/\/denis-frossard.ouvaton.org\/wp-content\/uploads\/2020\/03\/Jaquette102.jpg 1654w\" sizes=\"auto, (max-width: 1024px) 100vw, 1024px\" \/><\/figure>\n<\/div>\n\n\n\n<div class=\"wp-block-column is-layout-flow wp-block-column-is-layout-flow\">\n<figure class=\"wp-block-image size-large\"><img loading=\"lazy\" decoding=\"async\" width=\"1024\" height=\"1024\" src=\"http:\/\/denis-frossard.ouvaton.org\/wp-content\/uploads\/2020\/03\/Jaquette100-1024x1024.jpg\" alt=\"\" class=\"wp-image-46\" srcset=\"http:\/\/denis-frossard.ouvaton.org\/wp-content\/uploads\/2020\/03\/Jaquette100-1024x1024.jpg 1024w, http:\/\/denis-frossard.ouvaton.org\/wp-content\/uploads\/2020\/03\/Jaquette100-300x300.jpg 300w, http:\/\/denis-frossard.ouvaton.org\/wp-content\/uploads\/2020\/03\/Jaquette100-150x150.jpg 150w, http:\/\/denis-frossard.ouvaton.org\/wp-content\/uploads\/2020\/03\/Jaquette100-768x768.jpg 768w, http:\/\/denis-frossard.ouvaton.org\/wp-content\/uploads\/2020\/03\/Jaquette100-1536x1536.jpg 1536w, http:\/\/denis-frossard.ouvaton.org\/wp-content\/uploads\/2020\/03\/Jaquette100.jpg 1654w\" sizes=\"auto, (max-width: 1024px) 100vw, 1024px\" \/><\/figure>\n<\/div>\n<\/div>\n\n\n\n<div class=\"wp-block-columns is-layout-flex wp-container-core-columns-is-layout-9d6595d7 wp-block-columns-is-layout-flex\">\n<div class=\"wp-block-column is-layout-flow wp-block-column-is-layout-flow\">\n<figure class=\"wp-block-audio\"><audio controls src=\"http:\/\/denis-frossard.ouvaton.org\/wp-content\/uploads\/2020\/03\/Hilhotadedelelaiga01.mp3\"><\/audio><figcaption>Hilhota de dela l&rsquo;aiga<\/figcaption><\/figure>\n\n\n\n<p>Hilh\u00f2ta de del\u00e0 l&rsquo;aiga<\/p>\n<\/div>\n\n\n\n<div class=\"wp-block-column is-layout-flow wp-block-column-is-layout-flow\">\n<figure class=\"wp-block-audio\"><audio controls src=\"http:\/\/denis-frossard.ouvaton.org\/wp-content\/uploads\/2020\/03\/Losjunquets01.mp3\"><\/audio><figcaption><strong><br> <\/strong>Los junquets<\/figcaption><\/figure>\n\n\n\n<p>Los junquets<\/p>\n<\/div>\n\n\n\n<div class=\"wp-block-column is-layout-flow wp-block-column-is-layout-flow\">\n<figure class=\"wp-block-audio\"><audio controls src=\"http:\/\/denis-frossard.ouvaton.org\/wp-content\/uploads\/2020\/03\/Sarramilhoca01.mp3\"><\/audio><figcaption><strong><br><\/strong> Sarramilhoca<strong>  <\/strong><\/figcaption><\/figure>\n\n\n\n<p> Sarramilh\u00f2ca<\/p>\n<\/div>\n<\/div>\n\n\n\n<div class=\"wp-block-columns is-layout-flex wp-container-core-columns-is-layout-9d6595d7 wp-block-columns-is-layout-flex\">\n<div class=\"wp-block-column is-layout-flow wp-block-column-is-layout-flow\">\n<figure class=\"wp-block-audio\"><audio controls src=\"http:\/\/denis-frossard.ouvaton.org\/wp-content\/uploads\/2020\/03\/Beialongtempsjoenessa-1.mp3\"><\/audio><figcaption>Be i a longtemps joenessa <\/figcaption><\/figure>\n\n\n\n<p>Be i a longtemps joenessa<strong> <\/strong><\/p>\n<\/div>\n\n\n\n<div class=\"wp-block-column is-layout-flow wp-block-column-is-layout-flow\"><\/div>\n\n\n\n<div class=\"wp-block-column is-layout-flow wp-block-column-is-layout-flow\"><\/div>\n<\/div>\n","protected":false},"excerpt":{"rendered":"<p>Hilh\u00f2ta de del\u00e0 l&rsquo;aiga Los junquets Sarramilh\u00f2ca Be i a longtemps joenessa<\/p>\n","protected":false},"author":1,"featured_media":0,"parent":0,"menu_order":0,"comment_status":"closed","ping_status":"closed","template":"templates\/full-width-page.php","meta":{"footnotes":""},"class_list":["post-181","page","type-page","status-publish","hentry"],"yoast_head":"<!-- This site is optimized with the Yoast SEO plugin v27.4 - https:\/\/yoast.com\/product\/yoast-seo-wordpress\/ -->\n<title>Vrenhadas naveras - Denis FROSSARD<\/title>\n<meta name=\"robots\" content=\"index, follow, max-snippet:-1, max-image-preview:large, max-video-preview:-1\" \/>\n<link rel=\"canonical\" href=\"http:\/\/denis-frossard.ouvaton.org\/index.php\/vrenhadas-naveras\/\" \/>\n<meta property=\"og:locale\" content=\"fr_FR\" \/>\n<meta property=\"og:type\" content=\"article\" \/>\n<meta property=\"og:title\" content=\"Vrenhadas naveras - Denis FROSSARD\" \/>\n<meta property=\"og:description\" content=\"Hilh\u00f2ta de del\u00e0 l&rsquo;aiga Los junquets Sarramilh\u00f2ca Be i a longtemps joenessa\" \/>\n<meta property=\"og:url\" content=\"http:\/\/denis-frossard.ouvaton.org\/index.php\/vrenhadas-naveras\/\" \/>\n<meta property=\"og:site_name\" content=\"Denis FROSSARD\" \/>\n<meta property=\"article:modified_time\" content=\"2020-04-11T12:49:58+00:00\" \/>\n<meta property=\"og:image\" content=\"http:\/\/denis-frossard.ouvaton.org\/wp-content\/uploads\/2020\/03\/Jaquette103-1024x1024.jpg\" \/>\n<meta name=\"twitter:card\" content=\"summary_large_image\" \/>\n<script type=\"application\/ld+json\" class=\"yoast-schema-graph\">{\"@context\":\"https:\\\/\\\/schema.org\",\"@graph\":[{\"@type\":\"WebPage\",\"@id\":\"http:\\\/\\\/denis-frossard.ouvaton.org\\\/index.php\\\/vrenhadas-naveras\\\/\",\"url\":\"http:\\\/\\\/denis-frossard.ouvaton.org\\\/index.php\\\/vrenhadas-naveras\\\/\",\"name\":\"Vrenhadas naveras - Denis FROSSARD\",\"isPartOf\":{\"@id\":\"http:\\\/\\\/denis-frossard.ouvaton.org\\\/#website\"},\"primaryImageOfPage\":{\"@id\":\"http:\\\/\\\/denis-frossard.ouvaton.org\\\/index.php\\\/vrenhadas-naveras\\\/#primaryimage\"},\"image\":{\"@id\":\"http:\\\/\\\/denis-frossard.ouvaton.org\\\/index.php\\\/vrenhadas-naveras\\\/#primaryimage\"},\"thumbnailUrl\":\"http:\\\/\\\/denis-frossard.ouvaton.org\\\/wp-content\\\/uploads\\\/2020\\\/03\\\/Jaquette103-1024x1024.jpg\",\"datePublished\":\"2020-03-30T14:16:14+00:00\",\"dateModified\":\"2020-04-11T12:49:58+00:00\",\"breadcrumb\":{\"@id\":\"http:\\\/\\\/denis-frossard.ouvaton.org\\\/index.php\\\/vrenhadas-naveras\\\/#breadcrumb\"},\"inLanguage\":\"fr-FR\",\"potentialAction\":[{\"@type\":\"ReadAction\",\"target\":[\"http:\\\/\\\/denis-frossard.ouvaton.org\\\/index.php\\\/vrenhadas-naveras\\\/\"]}]},{\"@type\":\"ImageObject\",\"inLanguage\":\"fr-FR\",\"@id\":\"http:\\\/\\\/denis-frossard.ouvaton.org\\\/index.php\\\/vrenhadas-naveras\\\/#primaryimage\",\"url\":\"http:\\\/\\\/denis-frossard.ouvaton.org\\\/wp-content\\\/uploads\\\/2020\\\/03\\\/Jaquette103.jpg\",\"contentUrl\":\"http:\\\/\\\/denis-frossard.ouvaton.org\\\/wp-content\\\/uploads\\\/2020\\\/03\\\/Jaquette103.jpg\",\"width\":1772,\"height\":1772},{\"@type\":\"BreadcrumbList\",\"@id\":\"http:\\\/\\\/denis-frossard.ouvaton.org\\\/index.php\\\/vrenhadas-naveras\\\/#breadcrumb\",\"itemListElement\":[{\"@type\":\"ListItem\",\"position\":1,\"name\":\"Accueil\",\"item\":\"http:\\\/\\\/denis-frossard.ouvaton.org\\\/\"},{\"@type\":\"ListItem\",\"position\":2,\"name\":\"Vrenhadas naveras\"}]},{\"@type\":\"WebSite\",\"@id\":\"http:\\\/\\\/denis-frossard.ouvaton.org\\\/#website\",\"url\":\"http:\\\/\\\/denis-frossard.ouvaton.org\\\/\",\"name\":\"Denis FROSSARD\",\"description\":\"Guitare et Chant\",\"potentialAction\":[{\"@type\":\"SearchAction\",\"target\":{\"@type\":\"EntryPoint\",\"urlTemplate\":\"http:\\\/\\\/denis-frossard.ouvaton.org\\\/?s={search_term_string}\"},\"query-input\":{\"@type\":\"PropertyValueSpecification\",\"valueRequired\":true,\"valueName\":\"search_term_string\"}}],\"inLanguage\":\"fr-FR\"}]}<\/script>\n<!-- \/ Yoast SEO plugin. -->","yoast_head_json":{"title":"Vrenhadas naveras - Denis FROSSARD","robots":{"index":"index","follow":"follow","max-snippet":"max-snippet:-1","max-image-preview":"max-image-preview:large","max-video-preview":"max-video-preview:-1"},"canonical":"http:\/\/denis-frossard.ouvaton.org\/index.php\/vrenhadas-naveras\/","og_locale":"fr_FR","og_type":"article","og_title":"Vrenhadas naveras - Denis FROSSARD","og_description":"Hilh\u00f2ta de del\u00e0 l&rsquo;aiga Los junquets Sarramilh\u00f2ca Be i a longtemps joenessa","og_url":"http:\/\/denis-frossard.ouvaton.org\/index.php\/vrenhadas-naveras\/","og_site_name":"Denis FROSSARD","article_modified_time":"2020-04-11T12:49:58+00:00","og_image":[{"url":"http:\/\/denis-frossard.ouvaton.org\/wp-content\/uploads\/2020\/03\/Jaquette103-1024x1024.jpg","type":"","width":"","height":""}],"twitter_card":"summary_large_image","schema":{"@context":"https:\/\/schema.org","@graph":[{"@type":"WebPage","@id":"http:\/\/denis-frossard.ouvaton.org\/index.php\/vrenhadas-naveras\/","url":"http:\/\/denis-frossard.ouvaton.org\/index.php\/vrenhadas-naveras\/","name":"Vrenhadas naveras - Denis FROSSARD","isPartOf":{"@id":"http:\/\/denis-frossard.ouvaton.org\/#website"},"primaryImageOfPage":{"@id":"http:\/\/denis-frossard.ouvaton.org\/index.php\/vrenhadas-naveras\/#primaryimage"},"image":{"@id":"http:\/\/denis-frossard.ouvaton.org\/index.php\/vrenhadas-naveras\/#primaryimage"},"thumbnailUrl":"http:\/\/denis-frossard.ouvaton.org\/wp-content\/uploads\/2020\/03\/Jaquette103-1024x1024.jpg","datePublished":"2020-03-30T14:16:14+00:00","dateModified":"2020-04-11T12:49:58+00:00","breadcrumb":{"@id":"http:\/\/denis-frossard.ouvaton.org\/index.php\/vrenhadas-naveras\/#breadcrumb"},"inLanguage":"fr-FR","potentialAction":[{"@type":"ReadAction","target":["http:\/\/denis-frossard.ouvaton.org\/index.php\/vrenhadas-naveras\/"]}]},{"@type":"ImageObject","inLanguage":"fr-FR","@id":"http:\/\/denis-frossard.ouvaton.org\/index.php\/vrenhadas-naveras\/#primaryimage","url":"http:\/\/denis-frossard.ouvaton.org\/wp-content\/uploads\/2020\/03\/Jaquette103.jpg","contentUrl":"http:\/\/denis-frossard.ouvaton.org\/wp-content\/uploads\/2020\/03\/Jaquette103.jpg","width":1772,"height":1772},{"@type":"BreadcrumbList","@id":"http:\/\/denis-frossard.ouvaton.org\/index.php\/vrenhadas-naveras\/#breadcrumb","itemListElement":[{"@type":"ListItem","position":1,"name":"Accueil","item":"http:\/\/denis-frossard.ouvaton.org\/"},{"@type":"ListItem","position":2,"name":"Vrenhadas naveras"}]},{"@type":"WebSite","@id":"http:\/\/denis-frossard.ouvaton.org\/#website","url":"http:\/\/denis-frossard.ouvaton.org\/","name":"Denis FROSSARD","description":"Guitare et Chant","potentialAction":[{"@type":"SearchAction","target":{"@type":"EntryPoint","urlTemplate":"http:\/\/denis-frossard.ouvaton.org\/?s={search_term_string}"},"query-input":{"@type":"PropertyValueSpecification","valueRequired":true,"valueName":"search_term_string"}}],"inLanguage":"fr-FR"}]}},"_links":{"self":[{"href":"http:\/\/denis-frossard.ouvaton.org\/index.php\/wp-json\/wp\/v2\/pages\/181","targetHints":{"allow":["GET"]}}],"collection":[{"href":"http:\/\/denis-frossard.ouvaton.org\/index.php\/wp-json\/wp\/v2\/pages"}],"about":[{"href":"http:\/\/denis-frossard.ouvaton.org\/index.php\/wp-json\/wp\/v2\/types\/page"}],"author":[{"embeddable":true,"href":"http:\/\/denis-frossard.ouvaton.org\/index.php\/wp-json\/wp\/v2\/users\/1"}],"replies":[{"embeddable":true,"href":"http:\/\/denis-frossard.ouvaton.org\/index.php\/wp-json\/wp\/v2\/comments?post=181"}],"version-history":[{"count":6,"href":"http:\/\/denis-frossard.ouvaton.org\/index.php\/wp-json\/wp\/v2\/pages\/181\/revisions"}],"predecessor-version":[{"id":414,"href":"http:\/\/denis-frossard.ouvaton.org\/index.php\/wp-json\/wp\/v2\/pages\/181\/revisions\/414"}],"wp:attachment":[{"href":"http:\/\/denis-frossard.ouvaton.org\/index.php\/wp-json\/wp\/v2\/media?parent=181"}],"curies":[{"name":"wp","href":"https:\/\/api.w.org\/{rel}","templated":true}]}}